{"id":10,"date":"2015-03-04T09:41:10","date_gmt":"2015-03-04T09:41:10","guid":{"rendered":"http:\/\/neu.polzwachau.at\/?page_id=10"},"modified":"2016-11-17T08:09:10","modified_gmt":"2016-11-17T08:09:10","slug":"home","status":"publish","type":"page","link":"https:\/\/www.polzwachau.at\/en\/","title":{"rendered":"home"},"content":{"rendered":"<p><\/p>\n<div name=\"top\"> <\/div>\n<section class=\"section-1 big1 home\">\n<div class=\"container_2\">\n<div class=\"grid_50\" style=\"min-height:1px;\"><\/div>\n<div class=\"grid_50\">\n<div  class=\"inlayprlx\">\n<h2>Willkommen <\/h2>\n<\/p><\/div>\n<\/p><\/div>\n<\/p><\/div>\n<div class=\"prlx_part_home-1\"><\/div>\n<\/section>\n<section class=\"section-2 big2 home\">\n<div class=\"container_2\">\n<div class=\"grid_50\">\n<div  class=\"inlayprlx\">\n<h2>Heurigen<\/h2>\n<p>\t\t \t\t\t<a  href=\"heurigen\"><\/p>\n<div  class=\"tranbutton\">\n\t\t \t\t\t\t\tEinfach Genie\u00dfen <img decoding=\"async\" src=\"https:\/\/www.polzwachau.at\/wp-content\/themes\/polz_2016\/library\/images\/arrow.png\" width=\"9\">\n\t\t \t\t\t\t<\/div>\n<p>\t\t \t\t\t<\/a>\n\t\t\t\t<\/div>\n<\/p><\/div>\n<div class=\"grid_50\" style=\"min-height:1px;\"><\/div>\n<\/p><\/div>\n<div class=\"prlx_part_home-2\"><\/div>\n<\/section>\n<section class=\"section-3 big3 home\">\n<div class=\"container_2\">\n<div class=\"grid_50\" style=\"min-height:1px;\"><\/div>\n<div class=\"grid_50\">\n<div  class=\"inlayprlx\">\n<h2>Wein<\/h2>\n<p>\t\t \t\t\t<a  href=\"\/wein\"><\/p>\n<div  class=\"tranbutton\">\n\t\t \t\t\t\t\tQualit\u00e4t erfahren   &#038;nbsp <img decoding=\"async\" src=\"https:\/\/www.polzwachau.at\/wp-content\/themes\/polz_2016\/library\/images\/arrow.png\" width=\"9\">\n\t\t \t\t\t\t<\/div>\n<p>\t\t \t\t\t<\/a>\n\t\t\t\t<\/div>\n<\/p><\/div>\n<\/p><\/div>\n<div class=\"prlx_part_home-3\"><\/div>\n<\/section>\n<section class=\"section-4 big4 home\">\n<div class=\"container_2\">\n<div class=\"grid_50\">\n<div  class=\"inlayprlx\">\n<h2>G\u00e4stezimmer<\/h2>\n<p>\t \t\t\t\t<a  href=\"\/gastezimmer\"><\/p>\n<div  class=\"tranbutton\">\n\t \t\t\t\t\t\tSich wohlf\u00fchlen <img decoding=\"async\" src=\"https:\/\/www.polzwachau.at\/wp-content\/themes\/polz_2016\/library\/images\/arrow.png\" width=\"9\">\n\t \t\t\t\t\t<\/div>\n<p>\t \t\t\t\t<\/a>\n\t\t\t\t<\/div>\n<\/p><\/div>\n<div class=\"grid_50\" style=\"min-height:1px;\"><\/div>\n<\/p><\/div>\n<div class=\"prlx_part_home-4\"><\/div>\n<\/section>\n<section class=\"section-5 big5 home\">\n<div class=\"container_2\">\n<div class=\"grid_50\" style=\"min-height:1px;\"><\/div>\n<div class=\"grid_50\">\n<div  class=\"inlayprlx\">\n<h2>\u00dcber Uns<\/h2>\n<p>\t \t\t\t\t<a  href=\"\/uber-uns\"><\/p>\n<div  class=\"tranbutton\">\n\t \t\t\t\t\t\tTraditionen erleben  <img decoding=\"async\" src=\"https:\/\/www.polzwachau.at\/wp-content\/themes\/polz_2016\/library\/images\/arrow.png\" width=\"9\">\n\t \t\t\t\t\t<\/div>\n<p>\t \t\t\t\t<\/a>\n\t\t\t\t<\/div>\n<\/p><\/div>\n<\/p><\/div>\n<div class=\"prlx_part_home-5\"><\/div>\n<\/section>\n<div class=\"footerfix\"><\/div>\n<p><\/p>","protected":false},"excerpt":{"rendered":"<p>Willkommen Heurigen Einfach Genie\u00dfen Wein Qualit\u00e4t erfahren &#038;nbsp G\u00e4stezimmer Sich wohlf\u00fchlen \u00dcber Uns Traditionen erleben<\/p>\n","protected":false},"author":1,"featured_media":0,"parent":0,"menu_order":0,"comment_status":"closed","ping_status":"closed","template":"","meta":{"footnotes":""},"_links":{"self":[{"href":"https:\/\/www.polzwachau.at\/en\/wp-json\/wp\/v2\/pages\/10"}],"collection":[{"href":"https:\/\/www.polzwachau.at\/en\/wp-json\/wp\/v2\/pages"}],"about":[{"href":"https:\/\/www.polzwachau.at\/en\/wp-json\/wp\/v2\/types\/page"}],"author":[{"embeddable":true,"href":"https:\/\/www.polzwachau.at\/en\/wp-json\/wp\/v2\/users\/1"}],"replies":[{"embeddable":true,"href":"https:\/\/www.polzwachau.at\/en\/wp-json\/wp\/v2\/comments?post=10"}],"version-history":[{"count":6,"href":"https:\/\/www.polzwachau.at\/en\/wp-json\/wp\/v2\/pages\/10\/revisions"}],"predecessor-version":[{"id":552,"href":"https:\/\/www.polzwachau.at\/en\/wp-json\/wp\/v2\/pages\/10\/revisions\/552"}],"wp:attachment":[{"href":"https:\/\/www.polzwachau.at\/en\/wp-json\/wp\/v2\/media?parent=10"}],"curies":[{"name":"wp","href":"https:\/\/api.w.org\/{rel}","templated":true}]}}